{"id":10,"date":"2023-08-21T19:14:06","date_gmt":"2023-08-21T17:14:06","guid":{"rendered":"http:\/\/naticiudad.es\/?page_id=10"},"modified":"2023-10-25T17:42:38","modified_gmt":"2023-10-25T15:42:38","slug":"politica-de-reembolso-y-devoluciones","status":"publish","type":"page","link":"https:\/\/naticiudad.es\/index.php\/politica-de-reembolso-y-devoluciones\/","title":{"rendered":"Pol\u00edtica de reembolso y devoluciones"},"content":{"rendered":"\n<p>Nuestra pol\u00edtica de reembolso y cambios para productos de ropa tiene una duraci\u00f3n de 30 d\u00edas. Si han transcurrido 30 d\u00edas desde su compra, no podemos ofrecerle ni un cambio.<\/p>\n\n\n\n<p>Para ser elegible para un cambio, su prenda de vestir debe estar sin usar y en la misma condici\u00f3n en que la recibi\u00f3. Tambi\u00e9n debe estar en su embalaje original.<\/p>\n\n\n\n<p>Varios tipos de productos de ropa no son elegibles para cambios. Las prendas perecederas, como alimentos, flores, peri\u00f3dicos o revistas, no pueden ser cambiadas. Tampoco aceptamos productos que sean art\u00edculos \u00edntimos o sanitarios, materiales peligrosos, l\u00edquidos inflamables o gases.<\/p>\n\n\n\n<p>Art\u00edculos adicionales no elegibles para cambios:<\/p>\n\n\n\n<ul class=\"wp-block-list\">\n<li>Tarjetas de regalo<\/li>\n<\/ul>\n\n\n\n<p>Para completar su cambio, requerimos un recibo o prueba de compra.<\/p>\n\n\n\n<p>Por favor, no env\u00ede su compra de vuelta al fabricante.<\/p>\n\n\n\n<p>Existen situaciones espec\u00edficas en las que no se otorgan cambios:<\/p>\n\n\n\n<ul class=\"wp-block-list\">\n<li>Prendas con signos evidentes de uso<\/li>\n\n\n\n<li>Prendas que han sido lavadas o alteradas de alguna manera<\/li>\n\n\n\n<li>Cualquier prenda que no est\u00e9 en su condici\u00f3n original, est\u00e9 da\u00f1ada o le falten piezas por razones no atribuibles a nuestro error.<\/li>\n\n\n\n<li>Cualquier prenda que se devuelva m\u00e1s de 30 d\u00edas despu\u00e9s de la entrega<\/li>\n<\/ul>\n\n\n\n<h2 class=\"wp-block-heading\">Reembolso<\/h2>\n\n\n\n<p>Una vez que recibamos y verifiquemos su prenda devuelta, le enviaremos un correo electr\u00f3nico para notificarle que hemos recibido su art\u00edculo devuelto. Tambi\u00e9n le notificaremos la aprobaci\u00f3n o el rechazo de su reembolso.<\/p>\n\n\n\n<p>Si es aprobado, su reembolso ser\u00e1 procesado y se le enviara un cup\u00f3n de descuento con el mismo precio de la prenda que ha devuelto para su compra dentro de esta misma pagina, dentro de un cierto per\u00edodo de d\u00edas.<\/p>\n\n\n\n<p><b><strong>Reembolsos tard\u00edos o faltantes<\/strong><\/b><\/p>\n\n\n\n<p>Si a\u00fan no ha recibido un reembolso, primero verifique nuevamente su correo electr\u00f3nico.<\/p>\n\n\n\n<p>Si ha realizado todos estos pasos y a\u00fan no ha recibido su reembolso, cont\u00e1ctenos en {direcci\u00f3n de correo electr\u00f3nico}.<\/p>\n\n\n\n<p><b>Productos en oferta<\/b><\/p>\n\n\n\n<p>S\u00f3lo se podr\u00e1n reembolsar los art\u00edculos con precio regular. Los art\u00edculos en oferta no se pueden reembolsar.<\/p>\n\n\n\n<h2 class=\"wp-block-heading\">Cambios<\/h2>\n\n\n\n<p>Solo reemplazamos art\u00edculos si est\u00e1n defectuosos o da\u00f1ados. Si necesita cambiarlo por el mismo art\u00edculo, env\u00edenos un correo electr\u00f3nico <a href=\"mailto:naticiudad@gmail.com\">naticiudad@gmail.com<\/a> y env\u00ede su art\u00edculo a: Carlos Marx 22 local 2-32. Entrada por calle polvero<\/p>\n\n\n\n<h2 class=\"wp-block-heading\">Regalo<\/h2>\n\n\n\n<p>Si la prenda se marc\u00f3 como regalo al comprarla y se envi\u00f3 directamente a usted, puede recibir un cr\u00e9dito de regalo por el valor de su compra. Una vez que se reciba la prenda devuelta, se le enviar\u00e1 un certificado de regalo por correo.<\/p>\n\n\n\n<p>Si la prenda no se marc\u00f3 como regalo al comprarla, o si el regalador hizo que el pedido se enviara a s\u00ed mismo para d\u00e1rselo m\u00e1s tarde, podemos ofrecer un cambio por una prenda de igual valor o un cr\u00e9dito de regalo. El regalador ser\u00e1 notificado del cambio.<\/p>\n\n\n<h2>\u00bfNecesitas ayuda?<\/h2>\n\n\n<p>Cont\u00e1ctenos al <a href=\"mailto:naticiudad@gmail.com\">naticiudad@gmail.com<\/a> si tiene preguntas relacionadas con reembolsos y devoluciones.<\/p>\n","protected":false},"excerpt":{"rendered":"<p>Nuestra pol\u00edtica de reembolso y cambios para productos de ropa tiene una duraci\u00f3n de 30 d\u00edas. Si han transcurrido 30 d\u00edas desde su compra, no podemos ofrecerle ni un cambio. Para ser elegible para un cambio, su prenda de vestir debe estar sin usar y en la misma condici\u00f3n en que la recibi\u00f3. Tambi\u00e9n debe &hellip;<\/p>\n<p class=\"read-more\"> <a class=\"\" href=\"https:\/\/naticiudad.es\/index.php\/politica-de-reembolso-y-devoluciones\/\"> <span class=\"screen-reader-text\">Pol\u00edtica de reembolso y devoluciones<\/span> Leer m\u00e1s &raquo;<\/a><\/p>\n","protected":false},"author":1,"featured_media":0,"parent":0,"menu_order":0,"comment_status":"closed","ping_status":"closed","template":"","meta":{"om_disable_all_campaigns":false,"_uag_custom_page_level_css":"","_monsterinsights_skip_tracking":false,"_monsterinsights_sitenote_active":false,"_monsterinsights_sitenote_note":"","_monsterinsights_sitenote_category":0,"site-sidebar-layout":"default","site-content-layout":"","ast-site-content-layout":"default","site-content-style":"default","site-sidebar-style":"default","ast-global-header-display":"","ast-banner-title-visibility":"","ast-main-header-display":"","ast-hfb-above-header-display":"","ast-hfb-below-header-display":"","ast-hfb-mobile-header-display":"","site-post-title":"","ast-breadcrumbs-content":"","ast-featured-img":"","footer-sml-layout":"","theme-transparent-header-meta":"","adv-header-id-meta":"","stick-header-meta":"","header-above-stick-meta":"","header-main-stick-meta":"","header-below-stick-meta":"","astra-migrate-meta-layouts":"set","footnotes":""},"class_list":["post-10","page","type-page","status-publish","hentry"],"yoast_head":"<!-- This site is optimized with the Yoast SEO plugin v27.3 - https:\/\/yoast.com\/product\/yoast-seo-wordpress\/ -->\n<title>Pol\u00edtica de reembolso y devoluciones | Nati Ciudad Moda Baile Flamenco<\/title>\n<meta name=\"robots\" content=\"index, follow, max-snippet:-1, max-image-preview:large, max-video-preview:-1\" \/>\n<link rel=\"canonical\" href=\"https:\/\/naticiudad.es\/index.php\/politica-de-reembolso-y-devoluciones\/\" \/>\n<meta property=\"og:locale\" content=\"es_ES\" \/>\n<meta property=\"og:type\" content=\"article\" \/>\n<meta property=\"og:title\" content=\"Pol\u00edtica de reembolso y devoluciones | Nati Ciudad Moda Baile Flamenco\" \/>\n<meta property=\"og:description\" content=\"Nuestra pol\u00edtica de reembolso y cambios para productos de ropa tiene una duraci\u00f3n de 30 d\u00edas. Si han transcurrido 30 d\u00edas desde su compra, no podemos ofrecerle ni un cambio. Para ser elegible para un cambio, su prenda de vestir debe estar sin usar y en la misma condici\u00f3n en que la recibi\u00f3. Tambi\u00e9n debe &hellip; Pol\u00edtica de reembolso y devoluciones Leer m\u00e1s &raquo;\" \/>\n<meta property=\"og:url\" content=\"https:\/\/naticiudad.es\/index.php\/politica-de-reembolso-y-devoluciones\/\" \/>\n<meta property=\"og:site_name\" content=\"Nati Ciudad Moda Baile Flamenco\" \/>\n<meta property=\"article:modified_time\" content=\"2023-10-25T15:42:38+00:00\" \/>\n<meta name=\"twitter:card\" content=\"summary_large_image\" \/>\n<meta name=\"twitter:label1\" content=\"Tiempo de lectura\" \/>\n\t<meta name=\"twitter:data1\" content=\"3 minutos\" \/>\n<script type=\"application\/ld+json\" class=\"yoast-schema-graph\">{\"@context\":\"https:\\\/\\\/schema.org\",\"@graph\":[{\"@type\":\"WebPage\",\"@id\":\"https:\\\/\\\/naticiudad.es\\\/index.php\\\/politica-de-reembolso-y-devoluciones\\\/\",\"url\":\"https:\\\/\\\/naticiudad.es\\\/index.php\\\/politica-de-reembolso-y-devoluciones\\\/\",\"name\":\"Pol\u00edtica de reembolso y devoluciones | Nati Ciudad Moda Baile Flamenco\",\"isPartOf\":{\"@id\":\"https:\\\/\\\/naticiudad.es\\\/#website\"},\"datePublished\":\"2023-08-21T17:14:06+00:00\",\"dateModified\":\"2023-10-25T15:42:38+00:00\",\"breadcrumb\":{\"@id\":\"https:\\\/\\\/naticiudad.es\\\/index.php\\\/politica-de-reembolso-y-devoluciones\\\/#breadcrumb\"},\"inLanguage\":\"es\",\"potentialAction\":[{\"@type\":\"ReadAction\",\"target\":[\"https:\\\/\\\/naticiudad.es\\\/index.php\\\/politica-de-reembolso-y-devoluciones\\\/\"]}]},{\"@type\":\"BreadcrumbList\",\"@id\":\"https:\\\/\\\/naticiudad.es\\\/index.php\\\/politica-de-reembolso-y-devoluciones\\\/#breadcrumb\",\"itemListElement\":[{\"@type\":\"ListItem\",\"position\":1,\"name\":\"Portada\",\"item\":\"https:\\\/\\\/naticiudad.es\\\/\"},{\"@type\":\"ListItem\",\"position\":2,\"name\":\"Pol\u00edtica de reembolso y devoluciones\"}]},{\"@type\":\"WebSite\",\"@id\":\"https:\\\/\\\/naticiudad.es\\\/#website\",\"url\":\"https:\\\/\\\/naticiudad.es\\\/\",\"name\":\"Nati Ciudad Moda Baile Flamenco\",\"description\":\"Venta de Trajes de flamenco\",\"publisher\":{\"@id\":\"https:\\\/\\\/naticiudad.es\\\/#organization\"},\"alternateName\":\"NatiCiudad\",\"potentialAction\":[{\"@type\":\"SearchAction\",\"target\":{\"@type\":\"EntryPoint\",\"urlTemplate\":\"https:\\\/\\\/naticiudad.es\\\/?s={search_term_string}\"},\"query-input\":{\"@type\":\"PropertyValueSpecification\",\"valueRequired\":true,\"valueName\":\"search_term_string\"}}],\"inLanguage\":\"es\"},{\"@type\":\"Organization\",\"@id\":\"https:\\\/\\\/naticiudad.es\\\/#organization\",\"name\":\"Nati Ciudad moda baile flamenco\",\"url\":\"https:\\\/\\\/naticiudad.es\\\/\",\"logo\":{\"@type\":\"ImageObject\",\"inLanguage\":\"es\",\"@id\":\"https:\\\/\\\/naticiudad.es\\\/#\\\/schema\\\/logo\\\/image\\\/\",\"url\":\"https:\\\/\\\/naticiudad.es\\\/wp-content\\\/uploads\\\/2023\\\/08\\\/cropped-WhatsApp-Image-2023-07-30-at-15.50.26-e1692556391377.jpeg\",\"contentUrl\":\"https:\\\/\\\/naticiudad.es\\\/wp-content\\\/uploads\\\/2023\\\/08\\\/cropped-WhatsApp-Image-2023-07-30-at-15.50.26-e1692556391377.jpeg\",\"width\":1099,\"height\":1529,\"caption\":\"Nati Ciudad moda baile flamenco\"},\"image\":{\"@id\":\"https:\\\/\\\/naticiudad.es\\\/#\\\/schema\\\/logo\\\/image\\\/\"},\"sameAs\":[\"https:\\\/\\\/www.tiktok.com\\\/@naaticiudad?_t=8gvQ35Ul5lZ&_r=1https:\\\/\\\/naticiudad.es\\\/index.php\\\/https-www-facebook-com-profile-phpid100004190987005\\\/\",\"https:\\\/\\\/www.instagram.com\\\/naticiudad\"]}]}<\/script>\n<!-- \/ Yoast SEO plugin. -->","yoast_head_json":{"title":"Pol\u00edtica de reembolso y devoluciones | Nati Ciudad Moda Baile Flamenco","robots":{"index":"index","follow":"follow","max-snippet":"max-snippet:-1","max-image-preview":"max-image-preview:large","max-video-preview":"max-video-preview:-1"},"canonical":"https:\/\/naticiudad.es\/index.php\/politica-de-reembolso-y-devoluciones\/","og_locale":"es_ES","og_type":"article","og_title":"Pol\u00edtica de reembolso y devoluciones | Nati Ciudad Moda Baile Flamenco","og_description":"Nuestra pol\u00edtica de reembolso y cambios para productos de ropa tiene una duraci\u00f3n de 30 d\u00edas. Si han transcurrido 30 d\u00edas desde su compra, no podemos ofrecerle ni un cambio. Para ser elegible para un cambio, su prenda de vestir debe estar sin usar y en la misma condici\u00f3n en que la recibi\u00f3. Tambi\u00e9n debe &hellip; Pol\u00edtica de reembolso y devoluciones Leer m\u00e1s &raquo;","og_url":"https:\/\/naticiudad.es\/index.php\/politica-de-reembolso-y-devoluciones\/","og_site_name":"Nati Ciudad Moda Baile Flamenco","article_modified_time":"2023-10-25T15:42:38+00:00","twitter_card":"summary_large_image","twitter_misc":{"Tiempo de lectura":"3 minutos"},"schema":{"@context":"https:\/\/schema.org","@graph":[{"@type":"WebPage","@id":"https:\/\/naticiudad.es\/index.php\/politica-de-reembolso-y-devoluciones\/","url":"https:\/\/naticiudad.es\/index.php\/politica-de-reembolso-y-devoluciones\/","name":"Pol\u00edtica de reembolso y devoluciones | Nati Ciudad Moda Baile Flamenco","isPartOf":{"@id":"https:\/\/naticiudad.es\/#website"},"datePublished":"2023-08-21T17:14:06+00:00","dateModified":"2023-10-25T15:42:38+00:00","breadcrumb":{"@id":"https:\/\/naticiudad.es\/index.php\/politica-de-reembolso-y-devoluciones\/#breadcrumb"},"inLanguage":"es","potentialAction":[{"@type":"ReadAction","target":["https:\/\/naticiudad.es\/index.php\/politica-de-reembolso-y-devoluciones\/"]}]},{"@type":"BreadcrumbList","@id":"https:\/\/naticiudad.es\/index.php\/politica-de-reembolso-y-devoluciones\/#breadcrumb","itemListElement":[{"@type":"ListItem","position":1,"name":"Portada","item":"https:\/\/naticiudad.es\/"},{"@type":"ListItem","position":2,"name":"Pol\u00edtica de reembolso y devoluciones"}]},{"@type":"WebSite","@id":"https:\/\/naticiudad.es\/#website","url":"https:\/\/naticiudad.es\/","name":"Nati Ciudad Moda Baile Flamenco","description":"Venta de Trajes de flamenco","publisher":{"@id":"https:\/\/naticiudad.es\/#organization"},"alternateName":"NatiCiudad","potentialAction":[{"@type":"SearchAction","target":{"@type":"EntryPoint","urlTemplate":"https:\/\/naticiudad.es\/?s={search_term_string}"},"query-input":{"@type":"PropertyValueSpecification","valueRequired":true,"valueName":"search_term_string"}}],"inLanguage":"es"},{"@type":"Organization","@id":"https:\/\/naticiudad.es\/#organization","name":"Nati Ciudad moda baile flamenco","url":"https:\/\/naticiudad.es\/","logo":{"@type":"ImageObject","inLanguage":"es","@id":"https:\/\/naticiudad.es\/#\/schema\/logo\/image\/","url":"https:\/\/naticiudad.es\/wp-content\/uploads\/2023\/08\/cropped-WhatsApp-Image-2023-07-30-at-15.50.26-e1692556391377.jpeg","contentUrl":"https:\/\/naticiudad.es\/wp-content\/uploads\/2023\/08\/cropped-WhatsApp-Image-2023-07-30-at-15.50.26-e1692556391377.jpeg","width":1099,"height":1529,"caption":"Nati Ciudad moda baile flamenco"},"image":{"@id":"https:\/\/naticiudad.es\/#\/schema\/logo\/image\/"},"sameAs":["https:\/\/www.tiktok.com\/@naaticiudad?_t=8gvQ35Ul5lZ&_r=1https:\/\/naticiudad.es\/index.php\/https-www-facebook-com-profile-phpid100004190987005\/","https:\/\/www.instagram.com\/naticiudad"]}]}},"uagb_featured_image_src":{"full":false,"thumbnail":false,"medium":false,"medium_large":false,"large":false,"1536x1536":false,"2048x2048":false,"mailpoet_newsletter_max":false,"woocommerce_thumbnail":false,"woocommerce_single":false,"woocommerce_gallery_thumbnail":false},"uagb_author_info":{"display_name":"l.angel","author_link":"https:\/\/naticiudad.es\/index.php\/author\/naticiudad-es\/"},"uagb_comment_info":0,"uagb_excerpt":"Nuestra pol\u00edtica de reembolso y cambios para productos de ropa tiene una duraci\u00f3n de 30 d\u00edas. Si han transcurrido 30 d\u00edas desde su compra, no podemos ofrecerle ni un cambio. Para ser elegible para un cambio, su prenda de vestir debe estar sin usar y en la misma condici\u00f3n en que la recibi\u00f3. Tambi\u00e9n debe&hellip;","_links":{"self":[{"href":"https:\/\/naticiudad.es\/index.php\/wp-json\/wp\/v2\/pages\/10","targetHints":{"allow":["GET"]}}],"collection":[{"href":"https:\/\/naticiudad.es\/index.php\/wp-json\/wp\/v2\/pages"}],"about":[{"href":"https:\/\/naticiudad.es\/index.php\/wp-json\/wp\/v2\/types\/page"}],"author":[{"embeddable":true,"href":"https:\/\/naticiudad.es\/index.php\/wp-json\/wp\/v2\/users\/1"}],"replies":[{"embeddable":true,"href":"https:\/\/naticiudad.es\/index.php\/wp-json\/wp\/v2\/comments?post=10"}],"version-history":[{"count":9,"href":"https:\/\/naticiudad.es\/index.php\/wp-json\/wp\/v2\/pages\/10\/revisions"}],"predecessor-version":[{"id":5252,"href":"https:\/\/naticiudad.es\/index.php\/wp-json\/wp\/v2\/pages\/10\/revisions\/5252"}],"wp:attachment":[{"href":"https:\/\/naticiudad.es\/index.php\/wp-json\/wp\/v2\/media?parent=10"}],"curies":[{"name":"wp","href":"https:\/\/api.w.org\/{rel}","templated":true}]}}